{"id":108,"date":"2023-02-11T12:05:57","date_gmt":"2023-02-11T12:05:57","guid":{"rendered":"https:\/\/sv-deutsche-zwerghuehner.de\/?page_id=108"},"modified":"2026-01-30T16:02:25","modified_gmt":"2026-01-30T16:02:25","slug":"nord","status":"publish","type":"page","link":"https:\/\/sv-deutsche-zwerghuehner.de\/?page_id=108","title":{"rendered":"Nord"},"content":{"rendered":"\n<p class=\"has-text-align-center has-black-color has-text-color has-link-color has-x-large-font-size wp-elements-88603fe54d2e3c6f19dd51bc9c7ba7bb\"><strong>Jungtierbesprechung 2025<\/strong><\/p>\n\n\n\n<p>Guter Dinge trafen sich die Mitglieder des Bezirkes Nord zur Jungtierbesprechung bei Tim Hintz in Wesselburen. Zahlreiche Farbenschl\u00e4ge wurden den Sonderrichtern vorgef\u00fchrt und von den Mitgliedern in netter Runde besprochen. 45 Tiere in elf Farbenschl\u00e4gen kamen zusammen. Form, Gr\u00f6\u00dfe und Farbe konnten \u00fcberzeugen und deuteten auf eine gute Tiere bei den Schauen.<\/p>\n\n\n\n<figure class=\"wp-block-gallery has-nested-images columns-default is-cropped wp-block-gallery-1 is-layout-flex wp-block-gallery-is-layout-flex\">\n<figure class=\"wp-block-image size-large\"><img loading=\"lazy\" decoding=\"async\" width=\"1024\" height=\"681\" data-id=\"274\" src=\"https:\/\/sv-deutsche-zwerghuehner.de\/wp-content\/uploads\/2026\/01\/K1024_DSC_2506-1024x681.jpg\" alt=\"\" class=\"wp-image-274\" srcset=\"https:\/\/sv-deutsche-zwerghuehner.de\/wp-content\/uploads\/2026\/01\/K1024_DSC_2506-1024x681.jpg 1024w, https:\/\/sv-deutsche-zwerghuehner.de\/wp-content\/uploads\/2026\/01\/K1024_DSC_2506-300x200.jpg 300w, https:\/\/sv-deutsche-zwerghuehner.de\/wp-content\/uploads\/2026\/01\/K1024_DSC_2506-768x511.jpg 768w, https:\/\/sv-deutsche-zwerghuehner.de\/wp-content\/uploads\/2026\/01\/K1024_DSC_2506.jpg 1154w\" sizes=\"auto, (max-width: 1024px) 100vw, 1024px\" \/><\/figure>\n\n\n\n<figure class=\"wp-block-image size-large\"><img loading=\"lazy\" decoding=\"async\" width=\"1024\" height=\"681\" data-id=\"278\" src=\"https:\/\/sv-deutsche-zwerghuehner.de\/wp-content\/uploads\/2026\/01\/K1024_DSC_2509-1024x681.jpg\" alt=\"\" class=\"wp-image-278\" srcset=\"https:\/\/sv-deutsche-zwerghuehner.de\/wp-content\/uploads\/2026\/01\/K1024_DSC_2509-1024x681.jpg 1024w, https:\/\/sv-deutsche-zwerghuehner.de\/wp-content\/uploads\/2026\/01\/K1024_DSC_2509-300x200.jpg 300w, https:\/\/sv-deutsche-zwerghuehner.de\/wp-content\/uploads\/2026\/01\/K1024_DSC_2509-768x511.jpg 768w, https:\/\/sv-deutsche-zwerghuehner.de\/wp-content\/uploads\/2026\/01\/K1024_DSC_2509.jpg 1154w\" sizes=\"auto, (max-width: 1024px) 100vw, 1024px\" \/><\/figure>\n\n\n\n<figure class=\"wp-block-image size-large\"><img loading=\"lazy\" decoding=\"async\" width=\"1024\" height=\"681\" data-id=\"277\" src=\"https:\/\/sv-deutsche-zwerghuehner.de\/wp-content\/uploads\/2026\/01\/K1024_DSC_2510-1024x681.jpg\" alt=\"\" class=\"wp-image-277\" srcset=\"https:\/\/sv-deutsche-zwerghuehner.de\/wp-content\/uploads\/2026\/01\/K1024_DSC_2510-1024x681.jpg 1024w, https:\/\/sv-deutsche-zwerghuehner.de\/wp-content\/uploads\/2026\/01\/K1024_DSC_2510-300x200.jpg 300w, https:\/\/sv-deutsche-zwerghuehner.de\/wp-content\/uploads\/2026\/01\/K1024_DSC_2510-768x511.jpg 768w, https:\/\/sv-deutsche-zwerghuehner.de\/wp-content\/uploads\/2026\/01\/K1024_DSC_2510.jpg 1154w\" sizes=\"auto, (max-width: 1024px) 100vw, 1024px\" \/><\/figure>\n\n\n\n<figure class=\"wp-block-image size-large\"><img loading=\"lazy\" decoding=\"async\" width=\"1024\" height=\"681\" data-id=\"276\" src=\"https:\/\/sv-deutsche-zwerghuehner.de\/wp-content\/uploads\/2026\/01\/K1024_DSC_2515-1024x681.jpg\" alt=\"\" class=\"wp-image-276\" srcset=\"https:\/\/sv-deutsche-zwerghuehner.de\/wp-content\/uploads\/2026\/01\/K1024_DSC_2515-1024x681.jpg 1024w, https:\/\/sv-deutsche-zwerghuehner.de\/wp-content\/uploads\/2026\/01\/K1024_DSC_2515-300x200.jpg 300w, https:\/\/sv-deutsche-zwerghuehner.de\/wp-content\/uploads\/2026\/01\/K1024_DSC_2515-768x511.jpg 768w, https:\/\/sv-deutsche-zwerghuehner.de\/wp-content\/uploads\/2026\/01\/K1024_DSC_2515.jpg 1154w\" sizes=\"auto, (max-width: 1024px) 100vw, 1024px\" \/><\/figure>\n\n\n\n<figure class=\"wp-block-image size-large\"><img loading=\"lazy\" decoding=\"async\" width=\"1024\" height=\"681\" data-id=\"273\" src=\"https:\/\/sv-deutsche-zwerghuehner.de\/wp-content\/uploads\/2026\/01\/K1024_DSC_2521-1024x681.jpg\" alt=\"\" class=\"wp-image-273\" srcset=\"https:\/\/sv-deutsche-zwerghuehner.de\/wp-content\/uploads\/2026\/01\/K1024_DSC_2521-1024x681.jpg 1024w, https:\/\/sv-deutsche-zwerghuehner.de\/wp-content\/uploads\/2026\/01\/K1024_DSC_2521-300x200.jpg 300w, https:\/\/sv-deutsche-zwerghuehner.de\/wp-content\/uploads\/2026\/01\/K1024_DSC_2521-768x511.jpg 768w, https:\/\/sv-deutsche-zwerghuehner.de\/wp-content\/uploads\/2026\/01\/K1024_DSC_2521.jpg 1154w\" sizes=\"auto, (max-width: 1024px) 100vw, 1024px\" \/><\/figure>\n\n\n\n<figure class=\"wp-block-image size-large\"><img loading=\"lazy\" decoding=\"async\" width=\"1024\" height=\"681\" data-id=\"275\" src=\"https:\/\/sv-deutsche-zwerghuehner.de\/wp-content\/uploads\/2026\/01\/K1024_DSC_2527-1024x681.jpg\" alt=\"\" class=\"wp-image-275\" srcset=\"https:\/\/sv-deutsche-zwerghuehner.de\/wp-content\/uploads\/2026\/01\/K1024_DSC_2527-1024x681.jpg 1024w, https:\/\/sv-deutsche-zwerghuehner.de\/wp-content\/uploads\/2026\/01\/K1024_DSC_2527-300x200.jpg 300w, https:\/\/sv-deutsche-zwerghuehner.de\/wp-content\/uploads\/2026\/01\/K1024_DSC_2527-768x511.jpg 768w, https:\/\/sv-deutsche-zwerghuehner.de\/wp-content\/uploads\/2026\/01\/K1024_DSC_2527.jpg 1154w\" sizes=\"auto, (max-width: 1024px) 100vw, 1024px\" \/><\/figure>\n\n\n\n<figure class=\"wp-block-image size-large\"><img loading=\"lazy\" decoding=\"async\" width=\"1024\" height=\"681\" data-id=\"280\" src=\"https:\/\/sv-deutsche-zwerghuehner.de\/wp-content\/uploads\/2026\/01\/K1024_DSC_2529-1024x681.jpg\" alt=\"\" class=\"wp-image-280\" srcset=\"https:\/\/sv-deutsche-zwerghuehner.de\/wp-content\/uploads\/2026\/01\/K1024_DSC_2529-1024x681.jpg 1024w, https:\/\/sv-deutsche-zwerghuehner.de\/wp-content\/uploads\/2026\/01\/K1024_DSC_2529-300x200.jpg 300w, https:\/\/sv-deutsche-zwerghuehner.de\/wp-content\/uploads\/2026\/01\/K1024_DSC_2529-768x511.jpg 768w, https:\/\/sv-deutsche-zwerghuehner.de\/wp-content\/uploads\/2026\/01\/K1024_DSC_2529.jpg 1154w\" sizes=\"auto, (max-width: 1024px) 100vw, 1024px\" \/><\/figure>\n\n\n\n<figure class=\"wp-block-image size-large\"><img loading=\"lazy\" decoding=\"async\" width=\"1024\" height=\"681\" data-id=\"279\" src=\"https:\/\/sv-deutsche-zwerghuehner.de\/wp-content\/uploads\/2026\/01\/K1024_DSC_2531-1024x681.jpg\" alt=\"\" class=\"wp-image-279\" srcset=\"https:\/\/sv-deutsche-zwerghuehner.de\/wp-content\/uploads\/2026\/01\/K1024_DSC_2531-1024x681.jpg 1024w, https:\/\/sv-deutsche-zwerghuehner.de\/wp-content\/uploads\/2026\/01\/K1024_DSC_2531-300x200.jpg 300w, https:\/\/sv-deutsche-zwerghuehner.de\/wp-content\/uploads\/2026\/01\/K1024_DSC_2531-768x511.jpg 768w, https:\/\/sv-deutsche-zwerghuehner.de\/wp-content\/uploads\/2026\/01\/K1024_DSC_2531.jpg 1154w\" sizes=\"auto, (max-width: 1024px) 100vw, 1024px\" \/><\/figure>\n\n\n\n<figure class=\"wp-block-image size-large\"><img loading=\"lazy\" decoding=\"async\" width=\"1024\" height=\"681\" data-id=\"282\" src=\"https:\/\/sv-deutsche-zwerghuehner.de\/wp-content\/uploads\/2026\/01\/K1024_DSC_2533-1024x681.jpg\" alt=\"\" class=\"wp-image-282\" srcset=\"https:\/\/sv-deutsche-zwerghuehner.de\/wp-content\/uploads\/2026\/01\/K1024_DSC_2533-1024x681.jpg 1024w, https:\/\/sv-deutsche-zwerghuehner.de\/wp-content\/uploads\/2026\/01\/K1024_DSC_2533-300x200.jpg 300w, https:\/\/sv-deutsche-zwerghuehner.de\/wp-content\/uploads\/2026\/01\/K1024_DSC_2533-768x511.jpg 768w, https:\/\/sv-deutsche-zwerghuehner.de\/wp-content\/uploads\/2026\/01\/K1024_DSC_2533.jpg 1154w\" sizes=\"auto, (max-width: 1024px) 100vw, 1024px\" \/><\/figure>\n\n\n\n<figure class=\"wp-block-image size-large\"><img loading=\"lazy\" decoding=\"async\" width=\"1024\" height=\"681\" data-id=\"281\" src=\"https:\/\/sv-deutsche-zwerghuehner.de\/wp-content\/uploads\/2026\/01\/K1024_DSC_2536-1024x681.jpg\" alt=\"\" class=\"wp-image-281\" srcset=\"https:\/\/sv-deutsche-zwerghuehner.de\/wp-content\/uploads\/2026\/01\/K1024_DSC_2536-1024x681.jpg 1024w, https:\/\/sv-deutsche-zwerghuehner.de\/wp-content\/uploads\/2026\/01\/K1024_DSC_2536-300x200.jpg 300w, https:\/\/sv-deutsche-zwerghuehner.de\/wp-content\/uploads\/2026\/01\/K1024_DSC_2536-768x511.jpg 768w, https:\/\/sv-deutsche-zwerghuehner.de\/wp-content\/uploads\/2026\/01\/K1024_DSC_2536.jpg 1154w\" sizes=\"auto, (max-width: 1024px) 100vw, 1024px\" \/><\/figure>\n\n\n\n<figure class=\"wp-block-image size-large\"><img loading=\"lazy\" decoding=\"async\" width=\"1024\" height=\"681\" data-id=\"284\" src=\"https:\/\/sv-deutsche-zwerghuehner.de\/wp-content\/uploads\/2026\/01\/K1024_DSC_2543-1024x681.jpg\" alt=\"\" class=\"wp-image-284\" srcset=\"https:\/\/sv-deutsche-zwerghuehner.de\/wp-content\/uploads\/2026\/01\/K1024_DSC_2543-1024x681.jpg 1024w, https:\/\/sv-deutsche-zwerghuehner.de\/wp-content\/uploads\/2026\/01\/K1024_DSC_2543-300x200.jpg 300w, https:\/\/sv-deutsche-zwerghuehner.de\/wp-content\/uploads\/2026\/01\/K1024_DSC_2543-768x511.jpg 768w, https:\/\/sv-deutsche-zwerghuehner.de\/wp-content\/uploads\/2026\/01\/K1024_DSC_2543.jpg 1154w\" sizes=\"auto, (max-width: 1024px) 100vw, 1024px\" \/><\/figure>\n\n\n\n<figure class=\"wp-block-image size-large\"><img loading=\"lazy\" decoding=\"async\" width=\"1024\" height=\"681\" data-id=\"283\" src=\"https:\/\/sv-deutsche-zwerghuehner.de\/wp-content\/uploads\/2026\/01\/K1024_DSC_2545-1024x681.jpg\" alt=\"\" class=\"wp-image-283\" srcset=\"https:\/\/sv-deutsche-zwerghuehner.de\/wp-content\/uploads\/2026\/01\/K1024_DSC_2545-1024x681.jpg 1024w, https:\/\/sv-deutsche-zwerghuehner.de\/wp-content\/uploads\/2026\/01\/K1024_DSC_2545-300x200.jpg 300w, https:\/\/sv-deutsche-zwerghuehner.de\/wp-content\/uploads\/2026\/01\/K1024_DSC_2545-768x511.jpg 768w, https:\/\/sv-deutsche-zwerghuehner.de\/wp-content\/uploads\/2026\/01\/K1024_DSC_2545.jpg 1154w\" sizes=\"auto, (max-width: 1024px) 100vw, 1024px\" \/><\/figure>\n<\/figure>\n\n\n\n<p><\/p>\n\n\n\n<p class=\"has-text-align-center has-x-large-font-size\"><strong>Jungtierbesprechung 2024<\/strong><\/p>\n\n\n\n<p>Ein Paar Eindr\u00fccke von unserer JTB Bezirk Nord bei Jens-Peter Collenburg. Es war eine kleine ,aber sehr nette Runde. Bei den Tieren waren alle in einer guten Kondition. Es konnte bei allen Tieren die richtige Gr\u00f6\u00dfe bzw. Gewicht attestiert werden. Da viele das erste Mal im K\u00e4fig standen, war dann nach einiger Zeit  zu erkennen, welch klasse Form mit voller Unterlinie sie hatten. 20 Tiere in 6 Farbenschl\u00e4gen standen in den K\u00e4figen. Ein sehr guter gelber Hahn von Willi Meinke war wirklich rein gelb mit guter Lauffarbe<\/p>\n\n\n\n<p><br><\/p>\n\n\n\n<figure class=\"wp-block-gallery has-nested-images columns-default is-cropped wp-block-gallery-2 is-layout-flex wp-block-gallery-is-layout-flex\">\n<figure class=\"wp-block-image size-large\"><img loading=\"lazy\" decoding=\"async\" width=\"768\" height=\"1024\" data-id=\"175\" src=\"https:\/\/sv-deutsche-zwerghuehner.de\/wp-content\/uploads\/2024\/10\/WhatsApp-Bild-2024-09-22-um-12.23.40_317885fd-768x1024.jpg\" alt=\"\" class=\"wp-image-175\" srcset=\"https:\/\/sv-deutsche-zwerghuehner.de\/wp-content\/uploads\/2024\/10\/WhatsApp-Bild-2024-09-22-um-12.23.40_317885fd-768x1024.jpg 768w, https:\/\/sv-deutsche-zwerghuehner.de\/wp-content\/uploads\/2024\/10\/WhatsApp-Bild-2024-09-22-um-12.23.40_317885fd-225x300.jpg 225w, https:\/\/sv-deutsche-zwerghuehner.de\/wp-content\/uploads\/2024\/10\/WhatsApp-Bild-2024-09-22-um-12.23.40_317885fd-1152x1536.jpg 1152w, https:\/\/sv-deutsche-zwerghuehner.de\/wp-content\/uploads\/2024\/10\/WhatsApp-Bild-2024-09-22-um-12.23.40_317885fd.jpg 1500w\" sizes=\"auto, (max-width: 768px) 100vw, 768px\" \/><\/figure>\n\n\n\n<figure class=\"wp-block-image size-large\"><img loading=\"lazy\" decoding=\"async\" width=\"768\" height=\"1024\" data-id=\"178\" src=\"https:\/\/sv-deutsche-zwerghuehner.de\/wp-content\/uploads\/2024\/10\/WhatsApp-Bild-2024-09-22-um-12.23.41_5884fd35-768x1024.jpg\" alt=\"\" class=\"wp-image-178\" srcset=\"https:\/\/sv-deutsche-zwerghuehner.de\/wp-content\/uploads\/2024\/10\/WhatsApp-Bild-2024-09-22-um-12.23.41_5884fd35-768x1024.jpg 768w, https:\/\/sv-deutsche-zwerghuehner.de\/wp-content\/uploads\/2024\/10\/WhatsApp-Bild-2024-09-22-um-12.23.41_5884fd35-225x300.jpg 225w, https:\/\/sv-deutsche-zwerghuehner.de\/wp-content\/uploads\/2024\/10\/WhatsApp-Bild-2024-09-22-um-12.23.41_5884fd35-1152x1536.jpg 1152w, https:\/\/sv-deutsche-zwerghuehner.de\/wp-content\/uploads\/2024\/10\/WhatsApp-Bild-2024-09-22-um-12.23.41_5884fd35.jpg 1500w\" sizes=\"auto, (max-width: 768px) 100vw, 768px\" \/><\/figure>\n\n\n\n<figure class=\"wp-block-image size-large\"><img loading=\"lazy\" decoding=\"async\" width=\"768\" height=\"1024\" data-id=\"177\" src=\"https:\/\/sv-deutsche-zwerghuehner.de\/wp-content\/uploads\/2024\/10\/WhatsApp-Bild-2024-09-22-um-12.23.41_a3b50963-768x1024.jpg\" alt=\"\" class=\"wp-image-177\" srcset=\"https:\/\/sv-deutsche-zwerghuehner.de\/wp-content\/uploads\/2024\/10\/WhatsApp-Bild-2024-09-22-um-12.23.41_a3b50963-768x1024.jpg 768w, https:\/\/sv-deutsche-zwerghuehner.de\/wp-content\/uploads\/2024\/10\/WhatsApp-Bild-2024-09-22-um-12.23.41_a3b50963-225x300.jpg 225w, https:\/\/sv-deutsche-zwerghuehner.de\/wp-content\/uploads\/2024\/10\/WhatsApp-Bild-2024-09-22-um-12.23.41_a3b50963-1152x1536.jpg 1152w, https:\/\/sv-deutsche-zwerghuehner.de\/wp-content\/uploads\/2024\/10\/WhatsApp-Bild-2024-09-22-um-12.23.41_a3b50963.jpg 1500w\" sizes=\"auto, (max-width: 768px) 100vw, 768px\" \/><\/figure>\n\n\n\n<figure class=\"wp-block-image size-large\"><img loading=\"lazy\" decoding=\"async\" width=\"768\" height=\"1024\" data-id=\"176\" src=\"https:\/\/sv-deutsche-zwerghuehner.de\/wp-content\/uploads\/2024\/10\/WhatsApp-Bild-2024-09-22-um-12.23.41_d598f60e-768x1024.jpg\" alt=\"\" class=\"wp-image-176\" srcset=\"https:\/\/sv-deutsche-zwerghuehner.de\/wp-content\/uploads\/2024\/10\/WhatsApp-Bild-2024-09-22-um-12.23.41_d598f60e-768x1024.jpg 768w, https:\/\/sv-deutsche-zwerghuehner.de\/wp-content\/uploads\/2024\/10\/WhatsApp-Bild-2024-09-22-um-12.23.41_d598f60e-225x300.jpg 225w, https:\/\/sv-deutsche-zwerghuehner.de\/wp-content\/uploads\/2024\/10\/WhatsApp-Bild-2024-09-22-um-12.23.41_d598f60e-1152x1536.jpg 1152w, https:\/\/sv-deutsche-zwerghuehner.de\/wp-content\/uploads\/2024\/10\/WhatsApp-Bild-2024-09-22-um-12.23.41_d598f60e.jpg 1500w\" sizes=\"auto, (max-width: 768px) 100vw, 768px\" \/><\/figure>\n<\/figure>\n\n\n\n<p><\/p>\n\n\n\n<p class=\"has-text-align-center has-vivid-red-color has-text-color has-link-color has-large-font-size wp-elements-3f8d837ec093fc1616d98b375c24e8c7\">Jahreshauptversammlung 2024<\/p>\n\n\n<div class=\"wp-block-image\">\n<figure class=\"aligncenter size-large is-resized\"><img loading=\"lazy\" decoding=\"async\" width=\"731\" height=\"1024\" src=\"https:\/\/sv-deutsche-zwerghuehner.de\/wp-content\/uploads\/2024\/06\/Jens-Peter-Collenburg-731x1024.jpg\" alt=\"\" class=\"wp-image-158\" style=\"width:360px;height:auto\" srcset=\"https:\/\/sv-deutsche-zwerghuehner.de\/wp-content\/uploads\/2024\/06\/Jens-Peter-Collenburg-731x1024.jpg 731w, https:\/\/sv-deutsche-zwerghuehner.de\/wp-content\/uploads\/2024\/06\/Jens-Peter-Collenburg-214x300.jpg 214w, https:\/\/sv-deutsche-zwerghuehner.de\/wp-content\/uploads\/2024\/06\/Jens-Peter-Collenburg-768x1075.jpg 768w, https:\/\/sv-deutsche-zwerghuehner.de\/wp-content\/uploads\/2024\/06\/Jens-Peter-Collenburg-1097x1536.jpg 1097w, https:\/\/sv-deutsche-zwerghuehner.de\/wp-content\/uploads\/2024\/06\/Jens-Peter-Collenburg-1463x2048.jpg 1463w, https:\/\/sv-deutsche-zwerghuehner.de\/wp-content\/uploads\/2024\/06\/Jens-Peter-Collenburg-scaled.jpg 1828w\" sizes=\"auto, (max-width: 731px) 100vw, 731px\" \/><\/figure>\n<\/div>\n\n\n<p class=\"has-text-align-center has-medium-font-size\">Vorsitzender Jens-Peter Collenburg<\/p>\n\n\n\n<p class=\"has-text-align-center has-large-font-size\"><strong>Jahreshauptversammlung 2024<\/strong><\/p>\n\n\n\n<figure class=\"wp-block-image size-large is-style-rounded\"><img loading=\"lazy\" decoding=\"async\" width=\"1024\" height=\"656\" src=\"https:\/\/sv-deutsche-zwerghuehner.de\/wp-content\/uploads\/2024\/06\/Foto-isabellporzellanfarbig-1024x656.jpg\" alt=\"Ein neuer Farbenschlag? Dies und Organisatorisches haben wir auf unserer Jahreshauptversammlung besprochen\" class=\"wp-image-159\" srcset=\"https:\/\/sv-deutsche-zwerghuehner.de\/wp-content\/uploads\/2024\/06\/Foto-isabellporzellanfarbig-1024x656.jpg 1024w, https:\/\/sv-deutsche-zwerghuehner.de\/wp-content\/uploads\/2024\/06\/Foto-isabellporzellanfarbig-300x192.jpg 300w, https:\/\/sv-deutsche-zwerghuehner.de\/wp-content\/uploads\/2024\/06\/Foto-isabellporzellanfarbig-768x492.jpg 768w, https:\/\/sv-deutsche-zwerghuehner.de\/wp-content\/uploads\/2024\/06\/Foto-isabellporzellanfarbig-1536x984.jpg 1536w, https:\/\/sv-deutsche-zwerghuehner.de\/wp-content\/uploads\/2024\/06\/Foto-isabellporzellanfarbig-2048x1312.jpg 2048w\" sizes=\"auto, (max-width: 1024px) 100vw, 1024px\" \/><\/figure>\n","protected":false},"excerpt":{"rendered":"<p>Jungtierbesprechung 2025 Guter Dinge trafen sich die Mitglieder des Bezirkes Nord zur Jungtierbesprechung bei Tim Hintz in Wesselburen. Zahlreiche Farbenschl\u00e4ge wurden den Sonderrichtern vorgef\u00fchrt und von den Mitgliedern in netter Runde besprochen. 45 Tiere in elf Farbenschl\u00e4gen kamen zusammen. Form, Gr\u00f6\u00dfe und Farbe konnten \u00fcberzeugen und deuteten auf eine gute Tiere bei den Schauen. Jungtierbesprechung&hellip;<\/p>\n","protected":false},"author":1,"featured_media":177,"parent":0,"menu_order":0,"comment_status":"closed","ping_status":"closed","template":"","meta":{"footnotes":""},"class_list":["post-108","page","type-page","status-publish","has-post-thumbnail","hentry"],"_links":{"self":[{"href":"https:\/\/sv-deutsche-zwerghuehner.de\/index.php?rest_route=\/wp\/v2\/pages\/108","targetHints":{"allow":["GET"]}}],"collection":[{"href":"https:\/\/sv-deutsche-zwerghuehner.de\/index.php?rest_route=\/wp\/v2\/pages"}],"about":[{"href":"https:\/\/sv-deutsche-zwerghuehner.de\/index.php?rest_route=\/wp\/v2\/types\/page"}],"author":[{"embeddable":true,"href":"https:\/\/sv-deutsche-zwerghuehner.de\/index.php?rest_route=\/wp\/v2\/users\/1"}],"replies":[{"embeddable":true,"href":"https:\/\/sv-deutsche-zwerghuehner.de\/index.php?rest_route=%2Fwp%2Fv2%2Fcomments&post=108"}],"version-history":[{"count":5,"href":"https:\/\/sv-deutsche-zwerghuehner.de\/index.php?rest_route=\/wp\/v2\/pages\/108\/revisions"}],"predecessor-version":[{"id":285,"href":"https:\/\/sv-deutsche-zwerghuehner.de\/index.php?rest_route=\/wp\/v2\/pages\/108\/revisions\/285"}],"wp:featuredmedia":[{"embeddable":true,"href":"https:\/\/sv-deutsche-zwerghuehner.de\/index.php?rest_route=\/wp\/v2\/media\/177"}],"wp:attachment":[{"href":"https:\/\/sv-deutsche-zwerghuehner.de\/index.php?rest_route=%2Fwp%2Fv2%2Fmedia&parent=108"}],"curies":[{"name":"wp","href":"https:\/\/api.w.org\/{rel}","templated":true}]}}