{"id":39,"date":"2023-01-21T10:30:01","date_gmt":"2023-01-21T10:30:01","guid":{"rendered":"https:\/\/sv-deutsche-zwerghuehner.de\/?page_id=39"},"modified":"2025-02-02T12:23:58","modified_gmt":"2025-02-02T12:23:58","slug":"vorstand","status":"publish","type":"page","link":"https:\/\/sv-deutsche-zwerghuehner.de\/?page_id=39","title":{"rendered":"Vorstand"},"content":{"rendered":"<div class=\"wp-block-image\">\n<figure class=\"aligncenter size-large is-resized\"><img loading=\"lazy\" decoding=\"async\" width=\"731\" height=\"1024\" src=\"https:\/\/sv-deutsche-zwerghuehner.de\/wp-content\/uploads\/2023\/02\/Klaus-Gringmuth-731x1024.jpg\" alt=\"\" class=\"wp-image-73\" style=\"width:239px;height:334px\" srcset=\"https:\/\/sv-deutsche-zwerghuehner.de\/wp-content\/uploads\/2023\/02\/Klaus-Gringmuth-731x1024.jpg 731w, https:\/\/sv-deutsche-zwerghuehner.de\/wp-content\/uploads\/2023\/02\/Klaus-Gringmuth-214x300.jpg 214w, https:\/\/sv-deutsche-zwerghuehner.de\/wp-content\/uploads\/2023\/02\/Klaus-Gringmuth-768x1075.jpg 768w, https:\/\/sv-deutsche-zwerghuehner.de\/wp-content\/uploads\/2023\/02\/Klaus-Gringmuth-1097x1536.jpg 1097w, https:\/\/sv-deutsche-zwerghuehner.de\/wp-content\/uploads\/2023\/02\/Klaus-Gringmuth-1463x2048.jpg 1463w, https:\/\/sv-deutsche-zwerghuehner.de\/wp-content\/uploads\/2023\/02\/Klaus-Gringmuth-scaled.jpg 1828w\" sizes=\"auto, (max-width: 731px) 100vw, 731px\" \/><figcaption class=\"wp-element-caption\">Ehrenvositzender <br>Klaus Gringmuth <\/figcaption><\/figure>\n<\/div>\n\n<div class=\"wp-block-image\">\n<figure class=\"aligncenter size-large is-resized\"><img loading=\"lazy\" decoding=\"async\" width=\"680\" height=\"1024\" src=\"https:\/\/sv-deutsche-zwerghuehner.de\/wp-content\/uploads\/2023\/02\/Norbert-Hallen-680x1024.jpg\" alt=\"\" class=\"wp-image-74\" style=\"width:240px;height:361px\" srcset=\"https:\/\/sv-deutsche-zwerghuehner.de\/wp-content\/uploads\/2023\/02\/Norbert-Hallen-680x1024.jpg 680w, https:\/\/sv-deutsche-zwerghuehner.de\/wp-content\/uploads\/2023\/02\/Norbert-Hallen-199x300.jpg 199w, https:\/\/sv-deutsche-zwerghuehner.de\/wp-content\/uploads\/2023\/02\/Norbert-Hallen-768x1156.jpg 768w, https:\/\/sv-deutsche-zwerghuehner.de\/wp-content\/uploads\/2023\/02\/Norbert-Hallen-1020x1536.jpg 1020w, https:\/\/sv-deutsche-zwerghuehner.de\/wp-content\/uploads\/2023\/02\/Norbert-Hallen-1360x2048.jpg 1360w, https:\/\/sv-deutsche-zwerghuehner.de\/wp-content\/uploads\/2023\/02\/Norbert-Hallen-scaled.jpg 1700w\" sizes=\"auto, (max-width: 680px) 100vw, 680px\" \/><figcaption class=\"wp-element-caption\">1.Vorsitzender<br>Norbert Hallen<\/figcaption><\/figure>\n<\/div>\n\n<div class=\"wp-block-image\">\n<figure class=\"aligncenter size-large is-resized\"><img loading=\"lazy\" decoding=\"async\" width=\"731\" height=\"1024\" src=\"https:\/\/sv-deutsche-zwerghuehner.de\/wp-content\/uploads\/2023\/02\/Raimund-Hartmann-731x1024.jpg\" alt=\"\" class=\"wp-image-75\" style=\"width:249px;height:349px\" srcset=\"https:\/\/sv-deutsche-zwerghuehner.de\/wp-content\/uploads\/2023\/02\/Raimund-Hartmann-731x1024.jpg 731w, https:\/\/sv-deutsche-zwerghuehner.de\/wp-content\/uploads\/2023\/02\/Raimund-Hartmann-214x300.jpg 214w, https:\/\/sv-deutsche-zwerghuehner.de\/wp-content\/uploads\/2023\/02\/Raimund-Hartmann-768x1075.jpg 768w, https:\/\/sv-deutsche-zwerghuehner.de\/wp-content\/uploads\/2023\/02\/Raimund-Hartmann-1097x1536.jpg 1097w, https:\/\/sv-deutsche-zwerghuehner.de\/wp-content\/uploads\/2023\/02\/Raimund-Hartmann-1463x2048.jpg 1463w, https:\/\/sv-deutsche-zwerghuehner.de\/wp-content\/uploads\/2023\/02\/Raimund-Hartmann-scaled.jpg 1828w\" sizes=\"auto, (max-width: 731px) 100vw, 731px\" \/><figcaption class=\"wp-element-caption\">2. Vorsitzender<br>Raimund Hartmann <\/figcaption><\/figure>\n<\/div>\n\n<div class=\"wp-block-image\">\n<figure class=\"aligncenter size-large is-resized\"><img loading=\"lazy\" decoding=\"async\" width=\"731\" height=\"1024\" src=\"https:\/\/sv-deutsche-zwerghuehner.de\/wp-content\/uploads\/2023\/02\/Thies-Peter-Vehling-731x1024.jpg\" alt=\"\" class=\"wp-image-76\" style=\"width:250px;height:351px\" srcset=\"https:\/\/sv-deutsche-zwerghuehner.de\/wp-content\/uploads\/2023\/02\/Thies-Peter-Vehling-731x1024.jpg 731w, https:\/\/sv-deutsche-zwerghuehner.de\/wp-content\/uploads\/2023\/02\/Thies-Peter-Vehling-214x300.jpg 214w, https:\/\/sv-deutsche-zwerghuehner.de\/wp-content\/uploads\/2023\/02\/Thies-Peter-Vehling-768x1075.jpg 768w, https:\/\/sv-deutsche-zwerghuehner.de\/wp-content\/uploads\/2023\/02\/Thies-Peter-Vehling-1097x1536.jpg 1097w, https:\/\/sv-deutsche-zwerghuehner.de\/wp-content\/uploads\/2023\/02\/Thies-Peter-Vehling-1463x2048.jpg 1463w, https:\/\/sv-deutsche-zwerghuehner.de\/wp-content\/uploads\/2023\/02\/Thies-Peter-Vehling-scaled.jpg 1828w\" sizes=\"auto, (max-width: 731px) 100vw, 731px\" \/><figcaption class=\"wp-element-caption\">Kassierer<br>Thies-Peter Vehling<\/figcaption><\/figure>\n<\/div>\n\n\n<p class=\"has-text-align-center\">2. Kassierer<br>B\u00e4rbel Albrecht<\/p>\n\n\n<div class=\"wp-block-image\">\n<figure class=\"aligncenter size-large is-resized\"><img loading=\"lazy\" decoding=\"async\" width=\"731\" height=\"1024\" src=\"https:\/\/sv-deutsche-zwerghuehner.de\/wp-content\/uploads\/2023\/02\/Marco-Hagen-731x1024.jpg\" alt=\"\" class=\"wp-image-98\" style=\"width:237px;height:332px\" srcset=\"https:\/\/sv-deutsche-zwerghuehner.de\/wp-content\/uploads\/2023\/02\/Marco-Hagen-731x1024.jpg 731w, https:\/\/sv-deutsche-zwerghuehner.de\/wp-content\/uploads\/2023\/02\/Marco-Hagen-214x300.jpg 214w, https:\/\/sv-deutsche-zwerghuehner.de\/wp-content\/uploads\/2023\/02\/Marco-Hagen-768x1075.jpg 768w, https:\/\/sv-deutsche-zwerghuehner.de\/wp-content\/uploads\/2023\/02\/Marco-Hagen-1097x1536.jpg 1097w, https:\/\/sv-deutsche-zwerghuehner.de\/wp-content\/uploads\/2023\/02\/Marco-Hagen-1463x2048.jpg 1463w, https:\/\/sv-deutsche-zwerghuehner.de\/wp-content\/uploads\/2023\/02\/Marco-Hagen-scaled.jpg 1828w\" sizes=\"auto, (max-width: 731px) 100vw, 731px\" \/><figcaption class=\"wp-element-caption\">1. Schriftf\u00fchrer<br>Marco Hagen<\/figcaption><\/figure>\n<\/div>\n\n<div class=\"wp-block-image\">\n<figure class=\"aligncenter size-large is-resized\"><img loading=\"lazy\" decoding=\"async\" width=\"731\" height=\"1024\" src=\"https:\/\/sv-deutsche-zwerghuehner.de\/wp-content\/uploads\/2023\/02\/Heiner-Albrecht-731x1024.jpg\" alt=\"\" class=\"wp-image-78\" style=\"width:231px;height:323px\" srcset=\"https:\/\/sv-deutsche-zwerghuehner.de\/wp-content\/uploads\/2023\/02\/Heiner-Albrecht-731x1024.jpg 731w, https:\/\/sv-deutsche-zwerghuehner.de\/wp-content\/uploads\/2023\/02\/Heiner-Albrecht-214x300.jpg 214w, https:\/\/sv-deutsche-zwerghuehner.de\/wp-content\/uploads\/2023\/02\/Heiner-Albrecht-768x1075.jpg 768w, https:\/\/sv-deutsche-zwerghuehner.de\/wp-content\/uploads\/2023\/02\/Heiner-Albrecht-1097x1536.jpg 1097w, https:\/\/sv-deutsche-zwerghuehner.de\/wp-content\/uploads\/2023\/02\/Heiner-Albrecht-1463x2048.jpg 1463w, https:\/\/sv-deutsche-zwerghuehner.de\/wp-content\/uploads\/2023\/02\/Heiner-Albrecht-scaled.jpg 1829w\" sizes=\"auto, (max-width: 731px) 100vw, 731px\" \/><figcaption class=\"wp-element-caption\">Zuchtwart<br>Heiner Albrecht<\/figcaption><\/figure>\n<\/div>\n\n<p style=\"text-align: center;\">Obmann f\u00fcr \u00d6ffentlichkeitsarbeit<br \/>z.Z. nicht besetzt<\/p>\n<p style=\"text-align: center;\">Sonderrichter:<\/p>\n<p style=\"text-align: center;\">G\u00fcnther Consbruch<br \/>Hendrik Fries<br \/>Klaus Gringmuth<br \/>Georg Hermann<\/p>\n<p style=\"text-align: center;\">Karl-Otto Semmler<br \/>Klaus Lupp<br \/>Sascha Michel<br \/>Norbert Hallen<br \/>Marco Hagen<\/p>\n<p>&nbsp;<\/p>","protected":false},"excerpt":{"rendered":"<p>2. KassiererB\u00e4rbel Albrecht Obmann f\u00fcr \u00d6ffentlichkeitsarbeitz.Z. nicht besetzt Sonderrichter: G\u00fcnther ConsbruchHendrik FriesKlaus GringmuthGeorg Hermann Karl-Otto SemmlerKlaus LuppSascha MichelNorbert HallenMarco Hagen &nbsp;<\/p>\n","protected":false},"author":1,"featured_media":0,"parent":0,"menu_order":0,"comment_status":"closed","ping_status":"closed","template":"","meta":{"footnotes":""},"class_list":["post-39","page","type-page","status-publish","hentry"],"_links":{"self":[{"href":"https:\/\/sv-deutsche-zwerghuehner.de\/index.php?rest_route=\/wp\/v2\/pages\/39","targetHints":{"allow":["GET"]}}],"collection":[{"href":"https:\/\/sv-deutsche-zwerghuehner.de\/index.php?rest_route=\/wp\/v2\/pages"}],"about":[{"href":"https:\/\/sv-deutsche-zwerghuehner.de\/index.php?rest_route=\/wp\/v2\/types\/page"}],"author":[{"embeddable":true,"href":"https:\/\/sv-deutsche-zwerghuehner.de\/index.php?rest_route=\/wp\/v2\/users\/1"}],"replies":[{"embeddable":true,"href":"https:\/\/sv-deutsche-zwerghuehner.de\/index.php?rest_route=%2Fwp%2Fv2%2Fcomments&post=39"}],"version-history":[{"count":8,"href":"https:\/\/sv-deutsche-zwerghuehner.de\/index.php?rest_route=\/wp\/v2\/pages\/39\/revisions"}],"predecessor-version":[{"id":270,"href":"https:\/\/sv-deutsche-zwerghuehner.de\/index.php?rest_route=\/wp\/v2\/pages\/39\/revisions\/270"}],"wp:attachment":[{"href":"https:\/\/sv-deutsche-zwerghuehner.de\/index.php?rest_route=%2Fwp%2Fv2%2Fmedia&parent=39"}],"curies":[{"name":"wp","href":"https:\/\/api.w.org\/{rel}","templated":true}]}}